{"id":57,"date":"2022-11-03T23:56:04","date_gmt":"2022-11-04T03:56:04","guid":{"rendered":"https:\/\/artist5-fr.selectoweb.ca\/?page_id=57"},"modified":"2024-02-28T22:56:50","modified_gmt":"2024-02-29T03:56:50","slug":"projects","status":"publish","type":"page","link":"https:\/\/artist5-fr.selectoweb.ca\/en\/projets\/","title":{"rendered":"Projects"},"content":{"rendered":"<p>[et_pb_section fb_built=\u00a0\u00bb1&Prime; fullwidth=\u00a0\u00bbon\u00a0\u00bb admin_label=\u00a0\u00bbPage Header\u00a0\u00bb _builder_version=\u00a0\u00bb4.23.1&Prime; background_image=\u00a0\u00bbhttps:\/\/artist5-fr.selectoweb.ca\/wp-content\/uploads\/2023\/11\/blog1.jpeg\u00a0\u00bb parallax=\u00a0\u00bbon\u00a0\u00bb global_colors_info=\u00a0\u00bb{}\u00a0\u00bb][et_pb_fullwidth_header title=\u00a0\u00bbProjets\u00a0\u00bb text_orientation=\u00a0\u00bbcenter\u00a0\u00bb admin_label=\u00a0\u00bbHero Section\u00a0\u00bb _builder_version=\u00a0\u00bb4.16&Prime; title_font=\u00a0\u00bbMontserrat|on|||\u00a0\u00bb title_font_size=\u00a0\u00bb60px\u00a0\u00bb title_line_height=\u00a0\u00bb1.4em\u00a0\u00bb content_font_size=\u00a0\u00bb22px\u00a0\u00bb content_line_height=\u00a0\u00bb1.8em\u00a0\u00bb subhead_font=\u00a0\u00bb||||\u00a0\u00bb background_color=\u00a0\u00bbrgba(255, 255, 255, 0)\u00a0\u00bb use_background_color_gradient=\u00a0\u00bbon\u00a0\u00bb background_color_gradient_stops=\u00a0\u00bbrgba(58,52,226,0.93) 0%|rgba(73,108,220,0.7) 100%\u00a0\u00bb background_color_gradient_start=\u00a0\u00bbrgba(58,52,226,0.93)\u00a0\u00bb background_color_gradient_end=\u00a0\u00bbrgba(73,108,220,0.7)\u00a0\u00bb custom_button_one=\u00a0\u00bbon\u00a0\u00bb button_one_text_size=\u00a0\u00bb16px\u00a0\u00bb button_one_bg_color=\u00a0\u00bb#6eba01&Prime; button_one_border_width=\u00a0\u00bb2px\u00a0\u00bb button_one_border_color=\u00a0\u00bb#6eba01&Prime; button_one_border_radius=\u00a0\u00bb0&Prime; button_one_letter_spacing=\u00a0\u00bb2&Prime; button_one_font=\u00a0\u00bbMontserrat|||on|\u00a0\u00bb button_one_use_icon=\u00a0\u00bboff\u00a0\u00bb custom_button_two=\u00a0\u00bbon\u00a0\u00bb button_two_text_size=\u00a0\u00bb16px\u00a0\u00bb button_two_border_width=\u00a0\u00bb2px\u00a0\u00bb button_two_border_color=\u00a0\u00bb#ffffff\u00a0\u00bb button_two_border_radius=\u00a0\u00bb0&Prime; button_two_letter_spacing=\u00a0\u00bb2&Prime; button_two_font=\u00a0\u00bbMontserrat|||on|\u00a0\u00bb button_two_use_icon=\u00a0\u00bboff\u00a0\u00bb module_alignment=\u00a0\u00bbleft\u00a0\u00bb animation_style=\u00a0\u00bbfade\u00a0\u00bb button_one_text_color_hover=\u00a0\u00bb#6eba01&Prime; button_two_text_color_hover=\u00a0\u00bb#6eba01&Prime; button_one_border_color_hover=\u00a0\u00bb#ffffff\u00a0\u00bb button_two_border_color_hover=\u00a0\u00bb#ffffff\u00a0\u00bb button_one_border_radius_hover=\u00a0\u00bb0&Prime; button_two_border_radius_hover=\u00a0\u00bb0&Prime; button_one_letter_spacing_hover=\u00a0\u00bb2&Prime; button_two_letter_spacing_hover=\u00a0\u00bb2&Prime; button_one_bg_color_hover=\u00a0\u00bb#ffffff\u00a0\u00bb button_two_bg_color_hover=\u00a0\u00bb#ffffff\u00a0\u00bb global_colors_info=\u00a0\u00bb{}\u00a0\u00bb button_one_text_size__hover_enabled=\u00a0\u00bboff\u00a0\u00bb button_two_text_size__hover_enabled=\u00a0\u00bboff\u00a0\u00bb button_one_text_color__hover_enabled=\u00a0\u00bbon\u00a0\u00bb button_one_text_color__hover=\u00a0\u00bb#6eba01&Prime; button_two_text_color__hover_enabled=\u00a0\u00bbon\u00a0\u00bb button_two_text_color__hover=\u00a0\u00bb#6eba01&Prime; button_one_border_width__hover_enabled=\u00a0\u00bboff\u00a0\u00bb button_two_border_width__hover_enabled=\u00a0\u00bboff\u00a0\u00bb button_one_border_color__hover_enabled=\u00a0\u00bbon\u00a0\u00bb button_one_border_color__hover=\u00a0\u00bb#ffffff\u00a0\u00bb button_two_border_color__hover_enabled=\u00a0\u00bbon\u00a0\u00bb button_two_border_color__hover=\u00a0\u00bb#ffffff\u00a0\u00bb button_one_border_radius__hover_enabled=\u00a0\u00bbon\u00a0\u00bb button_one_border_radius__hover=\u00a0\u00bb0&Prime; button_two_border_radius__hover_enabled=\u00a0\u00bbon\u00a0\u00bb button_two_border_radius__hover=\u00a0\u00bb0&Prime; button_one_letter_spacing__hover_enabled=\u00a0\u00bbon\u00a0\u00bb button_one_letter_spacing__hover=\u00a0\u00bb2&Prime; button_two_letter_spacing__hover_enabled=\u00a0\u00bbon\u00a0\u00bb button_two_letter_spacing__hover=\u00a0\u00bb2&Prime; button_one_bg_color__hover_enabled=\u00a0\u00bbon\u00a0\u00bb button_one_bg_color__hover=\u00a0\u00bb#ffffff\u00a0\u00bb button_two_bg_color__hover_enabled=\u00a0\u00bbon\u00a0\u00bb button_two_bg_color__hover=\u00a0\u00bb#ffffff\u00a0\u00bb][\/et_pb_fullwidth_header][\/et_pb_section][et_pb_section fb_built=\u00a0\u00bb1&Prime; admin_label=\u00a0\u00bbProjects\u00a0\u00bb _builder_version=\u00a0\u00bb4.19.2&Prime; custom_padding=\u00a0\u00bb||||false|false\u00a0\u00bb global_colors_info=\u00a0\u00bb{}\u00a0\u00bb][et_pb_row _builder_version=\u00a0\u00bb4.16&Prime; background_size=\u00a0\u00bbinitial\u00a0\u00bb background_position=\u00a0\u00bbtop_left\u00a0\u00bb background_repeat=\u00a0\u00bbrepeat\u00a0\u00bb custom_padding=\u00a0\u00bb45px|0px|45px|0px\u00a0\u00bb custom_width_px=\u00a0\u00bb710px\u00a0\u00bb global_colors_info=\u00a0\u00bb{}\u00a0\u00bb][et_pb_column type=\u00a0\u00bb4_4&Prime; _builder_version=\u00a0\u00bb4.16&Prime; background_position=\u00a0\u00bbtop_left\u00a0\u00bb custom_padding=\u00a0\u00bb|||\u00a0\u00bb global_colors_info=\u00a0\u00bb{}\u00a0\u00bb custom_padding__hover=\u00a0\u00bb|||\u00a0\u00bb][et_pb_divider color=\u00a0\u00bb#4e5ed0&Prime; divider_weight=\u00a0\u00bb3px\u00a0\u00bb disabled_on=\u00a0\u00bboff|off|off\u00a0\u00bb _builder_version=\u00a0\u00bb4.16&Prime; background_color_gradient_direction=\u00a0\u00bb90deg\u00a0\u00bb max_width=\u00a0\u00bb100px\u00a0\u00bb module_alignment=\u00a0\u00bbcenter\u00a0\u00bb height=\u00a0\u00bb5px\u00a0\u00bb custom_margin=\u00a0\u00bb||20px|\u00a0\u00bb custom_padding=\u00a0\u00bb||20px|\u00a0\u00bb animation_style=\u00a0\u00bbslide\u00a0\u00bb animation_direction=\u00a0\u00bbbottom\u00a0\u00bb saved_tabs=\u00a0\u00bball\u00a0\u00bb locked=\u00a0\u00bboff\u00a0\u00bb global_colors_info=\u00a0\u00bb{}\u00a0\u00bb][\/et_pb_divider][et_pb_text admin_label=\u00a0\u00bbProjects Section Title\u00a0\u00bb _builder_version=\u00a0\u00bb4.23.1&Prime; header_font=\u00a0\u00bbMontserrat||||\u00a0\u00bb header_text_color=\u00a0\u00bb#1f1f1f\u00a0\u00bb header_font_size=\u00a0\u00bb36px\u00a0\u00bb text_orientation=\u00a0\u00bbcenter\u00a0\u00bb max_width=\u00a0\u00bb710px\u00a0\u00bb module_alignment=\u00a0\u00bbcenter\u00a0\u00bb animation_style=\u00a0\u00bbfold\u00a0\u00bb animation_direction=\u00a0\u00bbbottom\u00a0\u00bb animation_intensity_fold=\u00a0\u00bb20%\u00a0\u00bb global_colors_info=\u00a0\u00bb{}\u00a0\u00bb]<\/p>\n<h1>Nos projets<\/h1>\n<p>[\/et_pb_text][et_pb_text admin_label=\u00a0\u00bbProjects Section Subtitle\u00a0\u00bb _builder_version=\u00a0\u00bb4.16&Prime; text_font_size=\u00a0\u00bb16px\u00a0\u00bb text_line_height=\u00a0\u00bb1.9em\u00a0\u00bb background_size=\u00a0\u00bbinitial\u00a0\u00bb background_position=\u00a0\u00bbtop_left\u00a0\u00bb background_repeat=\u00a0\u00bbrepeat\u00a0\u00bb text_orientation=\u00a0\u00bbcenter\u00a0\u00bb max_width=\u00a0\u00bb710px\u00a0\u00bb module_alignment=\u00a0\u00bbcenter\u00a0\u00bb animation_style=\u00a0\u00bbfold\u00a0\u00bb animation_direction=\u00a0\u00bbbottom\u00a0\u00bb animation_intensity_fold=\u00a0\u00bb20%\u00a0\u00bb global_colors_info=\u00a0\u00bb{}\u00a0\u00bb]J&rsquo;incarne la diversit\u00e9 artistique \u00e0 travers une gamme de projets captivants. Mon portfolio refl\u00e8te mon talent polyvalent et mon engagement envers l&rsquo;innovation artistique.<br \/>\n[\/et_pb_text][\/et_pb_column][\/et_pb_row][et_pb_row _builder_version=\u00a0\u00bb4.16&Prime; background_size=\u00a0\u00bbinitial\u00a0\u00bb background_position=\u00a0\u00bbtop_left\u00a0\u00bb background_repeat=\u00a0\u00bbrepeat\u00a0\u00bb custom_padding=\u00a0\u00bb45px|||\u00a0\u00bb locked=\u00a0\u00bboff\u00a0\u00bb global_colors_info=\u00a0\u00bb{}\u00a0\u00bb][et_pb_column type=\u00a0\u00bb4_4&Prime; _builder_version=\u00a0\u00bb4.16&Prime; custom_padding=\u00a0\u00bb|||\u00a0\u00bb global_colors_info=\u00a0\u00bb{}\u00a0\u00bb custom_padding__hover=\u00a0\u00bb|||\u00a0\u00bb][et_pb_blog fullwidth=\u00a0\u00bboff\u00a0\u00bb post_type=\u00a0\u00bbproject\u00a0\u00bb posts_number=\u00a0\u00bb9&Prime; show_author=\u00a0\u00bboff\u00a0\u00bb _builder_version=\u00a0\u00bb4.18.0&Prime; _module_preset=\u00a0\u00bbdefault\u00a0\u00bb global_colors_info=\u00a0\u00bb{}\u00a0\u00bb][\/et_pb_blog][\/et_pb_column][\/et_pb_row][\/et_pb_section]<\/p>\n","protected":false},"excerpt":{"rendered":"<p>Nos projets J&rsquo;incarne la diversit\u00e9 artistique \u00e0 travers une gamme de projets captivants. Mon portfolio refl\u00e8te mon talent polyvalent et mon engagement envers l&rsquo;innovation artistique.<\/p>","protected":false},"author":1,"featured_media":0,"parent":0,"menu_order":0,"comment_status":"closed","ping_status":"closed","template":"","meta":{"_et_pb_use_builder":"on","_et_pb_old_content":"<p>[et_pb_section fb_built=\"1\" fullwidth=\"on\" admin_label=\"Page Header\" _builder_version=\"4.23.1\" background_image=\"https:\/\/artist5-fr.selectoweb.ca\/wp-content\/uploads\/2023\/11\/blog1.jpeg\" parallax=\"on\" global_colors_info=\"{}\"][et_pb_fullwidth_header title=\"Projets\" text_orientation=\"center\" admin_label=\"Hero Section\" _builder_version=\"4.16\" title_font=\"Montserrat|on|||\" title_font_size=\"60px\" title_line_height=\"1.4em\" content_font_size=\"22px\" content_line_height=\"1.8em\" subhead_font=\"||||\" background_color=\"rgba(255, 255, 255, 0)\" use_background_color_gradient=\"on\" background_color_gradient_stops=\"rgba(58,52,226,0.93) 0%|rgba(73,108,220,0.7) 100%\" background_color_gradient_start=\"rgba(58,52,226,0.93)\" background_color_gradient_end=\"rgba(73,108,220,0.7)\" custom_button_one=\"on\" button_one_text_size=\"16px\" button_one_bg_color=\"#6eba01\" button_one_border_width=\"2px\" button_one_border_color=\"#6eba01\" button_one_border_radius=\"0\" button_one_letter_spacing=\"2\" button_one_font=\"Montserrat|||on|\" button_one_use_icon=\"off\" custom_button_two=\"on\" button_two_text_size=\"16px\" button_two_border_width=\"2px\" button_two_border_color=\"#ffffff\" button_two_border_radius=\"0\" button_two_letter_spacing=\"2\" button_two_font=\"Montserrat|||on|\" button_two_use_icon=\"off\" module_alignment=\"left\" animation_style=\"fade\" button_one_text_color_hover=\"#6eba01\" button_two_text_color_hover=\"#6eba01\" button_one_border_color_hover=\"#ffffff\" button_two_border_color_hover=\"#ffffff\" button_one_border_radius_hover=\"0\" button_two_border_radius_hover=\"0\" button_one_letter_spacing_hover=\"2\" button_two_letter_spacing_hover=\"2\" button_one_bg_color_hover=\"#ffffff\" button_two_bg_color_hover=\"#ffffff\" global_colors_info=\"{}\" button_one_text_size__hover_enabled=\"off\" button_two_text_size__hover_enabled=\"off\" button_one_text_color__hover_enabled=\"on\" button_one_text_color__hover=\"#6eba01\" button_two_text_color__hover_enabled=\"on\" button_two_text_color__hover=\"#6eba01\" button_one_border_width__hover_enabled=\"off\" button_two_border_width__hover_enabled=\"off\" button_one_border_color__hover_enabled=\"on\" button_one_border_color__hover=\"#ffffff\" button_two_border_color__hover_enabled=\"on\" button_two_border_color__hover=\"#ffffff\" button_one_border_radius__hover_enabled=\"on\" button_one_border_radius__hover=\"0\" button_two_border_radius__hover_enabled=\"on\" button_two_border_radius__hover=\"0\" button_one_letter_spacing__hover_enabled=\"on\" button_one_letter_spacing__hover=\"2\" button_two_letter_spacing__hover_enabled=\"on\" button_two_letter_spacing__hover=\"2\" button_one_bg_color__hover_enabled=\"on\" button_one_bg_color__hover=\"#ffffff\" button_two_bg_color__hover_enabled=\"on\" button_two_bg_color__hover=\"#ffffff\"][\/et_pb_fullwidth_header][\/et_pb_section][et_pb_section fb_built=\"1\" admin_label=\"Projects\" _builder_version=\"4.19.2\" custom_padding=\"||||false|false\" global_colors_info=\"{}\"][et_pb_row _builder_version=\"4.16\" background_size=\"initial\" background_position=\"top_left\" background_repeat=\"repeat\" custom_padding=\"45px|0px|45px|0px\" custom_width_px=\"710px\" global_colors_info=\"{}\"][et_pb_column type=\"4_4\" _builder_version=\"4.16\" background_position=\"top_left\" custom_padding=\"|||\" global_colors_info=\"{}\" custom_padding__hover=\"|||\"][et_pb_divider color=\"#4e5ed0\" divider_weight=\"3px\" disabled_on=\"off|off|off\" _builder_version=\"4.16\" background_color_gradient_direction=\"90deg\" max_width=\"100px\" module_alignment=\"center\" height=\"5px\" custom_margin=\"||20px|\" custom_padding=\"||20px|\" animation_style=\"slide\" animation_direction=\"bottom\" saved_tabs=\"all\" locked=\"off\" global_colors_info=\"{}\"][\/et_pb_divider][et_pb_text admin_label=\"Projects Section Title\" _builder_version=\"4.23.1\" header_font=\"Montserrat||||\" header_text_color=\"#1f1f1f\" header_font_size=\"36px\" text_orientation=\"center\" max_width=\"710px\" module_alignment=\"center\" animation_style=\"fold\" animation_direction=\"bottom\" animation_intensity_fold=\"20%\" global_colors_info=\"{}\"]<\/p><h1>Nos projets<\/h1><p>[\/et_pb_text][et_pb_text admin_label=\"Projects Section Subtitle\" _builder_version=\"4.16\" text_font_size=\"16px\" text_line_height=\"1.9em\" background_size=\"initial\" background_position=\"top_left\" background_repeat=\"repeat\" text_orientation=\"center\" max_width=\"710px\" module_alignment=\"center\" animation_style=\"fold\" animation_direction=\"bottom\" animation_intensity_fold=\"20%\" global_colors_info=\"{}\"]<\/p><p>J'incarne la diversit\u00e9 artistique \u00e0 travers une gamme de projets captivants. Mon portfolio refl\u00e8te mon talent polyvalent et mon engagement envers l'innovation artistique.<\/p><p>[\/et_pb_text][\/et_pb_column][\/et_pb_row][et_pb_row _builder_version=\"4.16\" background_size=\"initial\" background_position=\"top_left\" background_repeat=\"repeat\" custom_padding=\"45px|||\" locked=\"off\" global_colors_info=\"{}\"][et_pb_column type=\"4_4\" _builder_version=\"4.16\" custom_padding=\"|||\" global_colors_info=\"{}\" custom_padding__hover=\"|||\"][et_pb_blog fullwidth=\"off\" post_type=\"project\" posts_number=\"9\" show_author=\"off\" _builder_version=\"4.18.0\" _module_preset=\"default\" global_colors_info=\"{}\"][\/et_pb_blog][\/et_pb_column][\/et_pb_row][\/et_pb_section]<\/p>","_et_gb_content_width":"","footnotes":""},"class_list":["post-57","page","type-page","status-publish","hentry"],"yoast_head":"<!-- This site is optimized with the Yoast SEO plugin v27.6 - https:\/\/yoast.com\/product\/yoast-seo-wordpress\/ -->\n<title>Projets - Selecto Artiste<\/title>\n<meta name=\"robots\" content=\"index, follow, max-snippet:-1, max-image-preview:large, max-video-preview:-1\" \/>\n<link rel=\"canonical\" href=\"https:\/\/artist5-fr.selectoweb.ca\/en\/projects\/\" \/>\n<meta property=\"og:locale\" content=\"en_US\" \/>\n<meta property=\"og:type\" content=\"article\" \/>\n<meta property=\"og:title\" content=\"Projets - Selecto Artiste\" \/>\n<meta property=\"og:description\" content=\"Nos projets J&#039;incarne la diversit\u00e9 artistique \u00e0 travers une gamme de projets captivants. Mon portfolio refl\u00e8te mon talent polyvalent et mon engagement envers l&#039;innovation artistique.\" \/>\n<meta property=\"og:url\" content=\"https:\/\/artist5-fr.selectoweb.ca\/en\/projects\/\" \/>\n<meta property=\"og:site_name\" content=\"Selecto Artiste\" \/>\n<meta property=\"article:publisher\" content=\"https:\/\/www.facebook.com\/selectoweb\" \/>\n<meta property=\"article:modified_time\" content=\"2024-02-29T03:56:50+00:00\" \/>\n<meta name=\"twitter:card\" content=\"summary_large_image\" \/>\n<meta name=\"twitter:site\" content=\"@selectoweb\" \/>\n<meta name=\"twitter:label1\" content=\"Est. reading time\" \/>\n\t<meta name=\"twitter:data1\" content=\"1 minute\" \/>\n<script type=\"application\/ld+json\" class=\"yoast-schema-graph\">{\"@context\":\"https:\\\/\\\/schema.org\",\"@graph\":[{\"@type\":\"WebPage\",\"@id\":\"https:\\\/\\\/artist5-fr.selectoweb.ca\\\/projets\\\/\",\"url\":\"https:\\\/\\\/artist5-fr.selectoweb.ca\\\/projets\\\/\",\"name\":\"Projets - Selecto Artiste\",\"isPartOf\":{\"@id\":\"https:\\\/\\\/artist5-fr.selectoweb.ca\\\/#website\"},\"datePublished\":\"2022-11-04T03:56:04+00:00\",\"dateModified\":\"2024-02-29T03:56:50+00:00\",\"breadcrumb\":{\"@id\":\"https:\\\/\\\/artist5-fr.selectoweb.ca\\\/projets\\\/#breadcrumb\"},\"inLanguage\":\"en-CA\",\"potentialAction\":[{\"@type\":\"ReadAction\",\"target\":[\"https:\\\/\\\/artist5-fr.selectoweb.ca\\\/projets\\\/\"]}]},{\"@type\":\"BreadcrumbList\",\"@id\":\"https:\\\/\\\/artist5-fr.selectoweb.ca\\\/projets\\\/#breadcrumb\",\"itemListElement\":[{\"@type\":\"ListItem\",\"position\":1,\"name\":\"Home\",\"item\":\"https:\\\/\\\/artist5-fr.selectoweb.ca\\\/\"},{\"@type\":\"ListItem\",\"position\":2,\"name\":\"Projets\"}]},{\"@type\":\"WebSite\",\"@id\":\"https:\\\/\\\/artist5-fr.selectoweb.ca\\\/#website\",\"url\":\"https:\\\/\\\/artist5-fr.selectoweb.ca\\\/\",\"name\":\"Selecto Artiste\",\"description\":\"Meilleurs artistes\",\"publisher\":{\"@id\":\"https:\\\/\\\/artist5-fr.selectoweb.ca\\\/#organization\"},\"potentialAction\":[{\"@type\":\"SearchAction\",\"target\":{\"@type\":\"EntryPoint\",\"urlTemplate\":\"https:\\\/\\\/artist5-fr.selectoweb.ca\\\/?s={search_term_string}\"},\"query-input\":{\"@type\":\"PropertyValueSpecification\",\"valueRequired\":true,\"valueName\":\"search_term_string\"}}],\"inLanguage\":\"en-CA\"},{\"@type\":\"Organization\",\"@id\":\"https:\\\/\\\/artist5-fr.selectoweb.ca\\\/#organization\",\"name\":\"Selecto Artiste\",\"url\":\"https:\\\/\\\/artist5-fr.selectoweb.ca\\\/\",\"logo\":{\"@type\":\"ImageObject\",\"inLanguage\":\"en-CA\",\"@id\":\"https:\\\/\\\/artist5-fr.selectoweb.ca\\\/#\\\/schema\\\/logo\\\/image\\\/\",\"url\":\"https:\\\/\\\/artist5-fr.selectoweb.ca\\\/wp-content\\\/uploads\\\/2022\\\/11\\\/logo-agency.png\",\"contentUrl\":\"https:\\\/\\\/artist5-fr.selectoweb.ca\\\/wp-content\\\/uploads\\\/2022\\\/11\\\/logo-agency.png\",\"width\":908,\"height\":189,\"caption\":\"Selecto Artiste\"},\"image\":{\"@id\":\"https:\\\/\\\/artist5-fr.selectoweb.ca\\\/#\\\/schema\\\/logo\\\/image\\\/\"},\"sameAs\":[\"https:\\\/\\\/www.facebook.com\\\/selectoweb\",\"https:\\\/\\\/x.com\\\/selectoweb\",\"https:\\\/\\\/www.instagram.com\\\/selecto.ca\",\"https:\\\/\\\/www.tiktok.com\\\/@selecto.ca\",\"https:\\\/\\\/www.youtube.com\\\/channel\\\/UCGbJHkiaA5Od-bUAisbmjxQ\"]}]}<\/script>\n<!-- \/ Yoast SEO plugin. -->","yoast_head_json":{"title":"Projects - Selecto Artist","robots":{"index":"index","follow":"follow","max-snippet":"max-snippet:-1","max-image-preview":"max-image-preview:large","max-video-preview":"max-video-preview:-1"},"canonical":"https:\/\/artist5-fr.selectoweb.ca\/en\/projects\/","og_locale":"en_US","og_type":"article","og_title":"Projets - Selecto Artiste","og_description":"Nos projets J'incarne la diversit\u00e9 artistique \u00e0 travers une gamme de projets captivants. Mon portfolio refl\u00e8te mon talent polyvalent et mon engagement envers l'innovation artistique.","og_url":"https:\/\/artist5-fr.selectoweb.ca\/en\/projects\/","og_site_name":"Selecto Artiste","article_publisher":"https:\/\/www.facebook.com\/selectoweb","article_modified_time":"2024-02-29T03:56:50+00:00","twitter_card":"summary_large_image","twitter_site":"@selectoweb","twitter_misc":{"Est. reading time":"1 minute"},"schema":{"@context":"https:\/\/schema.org","@graph":[{"@type":"WebPage","@id":"https:\/\/artist5-fr.selectoweb.ca\/projets\/","url":"https:\/\/artist5-fr.selectoweb.ca\/projets\/","name":"Projects - Selecto Artist","isPartOf":{"@id":"https:\/\/artist5-fr.selectoweb.ca\/#website"},"datePublished":"2022-11-04T03:56:04+00:00","dateModified":"2024-02-29T03:56:50+00:00","breadcrumb":{"@id":"https:\/\/artist5-fr.selectoweb.ca\/projets\/#breadcrumb"},"inLanguage":"en-CA","potentialAction":[{"@type":"ReadAction","target":["https:\/\/artist5-fr.selectoweb.ca\/projets\/"]}]},{"@type":"BreadcrumbList","@id":"https:\/\/artist5-fr.selectoweb.ca\/projets\/#breadcrumb","itemListElement":[{"@type":"ListItem","position":1,"name":"Home","item":"https:\/\/artist5-fr.selectoweb.ca\/"},{"@type":"ListItem","position":2,"name":"Projets"}]},{"@type":"WebSite","@id":"https:\/\/artist5-fr.selectoweb.ca\/#website","url":"https:\/\/artist5-fr.selectoweb.ca\/","name":"Selecto Artist","description":"Best artists","publisher":{"@id":"https:\/\/artist5-fr.selectoweb.ca\/#organization"},"potentialAction":[{"@type":"SearchAction","target":{"@type":"EntryPoint","urlTemplate":"https:\/\/artist5-fr.selectoweb.ca\/?s={search_term_string}"},"query-input":{"@type":"PropertyValueSpecification","valueRequired":true,"valueName":"search_term_string"}}],"inLanguage":"en-CA"},{"@type":"Organization","@id":"https:\/\/artist5-fr.selectoweb.ca\/#organization","name":"Selecto Artist","url":"https:\/\/artist5-fr.selectoweb.ca\/","logo":{"@type":"ImageObject","inLanguage":"en-CA","@id":"https:\/\/artist5-fr.selectoweb.ca\/#\/schema\/logo\/image\/","url":"https:\/\/artist5-fr.selectoweb.ca\/wp-content\/uploads\/2022\/11\/logo-agency.png","contentUrl":"https:\/\/artist5-fr.selectoweb.ca\/wp-content\/uploads\/2022\/11\/logo-agency.png","width":908,"height":189,"caption":"Selecto Artiste"},"image":{"@id":"https:\/\/artist5-fr.selectoweb.ca\/#\/schema\/logo\/image\/"},"sameAs":["https:\/\/www.facebook.com\/selectoweb","https:\/\/x.com\/selectoweb","https:\/\/www.instagram.com\/selecto.ca","https:\/\/www.tiktok.com\/@selecto.ca","https:\/\/www.youtube.com\/channel\/UCGbJHkiaA5Od-bUAisbmjxQ"]}]}},"_links":{"self":[{"href":"https:\/\/artist5-fr.selectoweb.ca\/en\/wp-json\/wp\/v2\/pages\/57","targetHints":{"allow":["GET"]}}],"collection":[{"href":"https:\/\/artist5-fr.selectoweb.ca\/en\/wp-json\/wp\/v2\/pages"}],"about":[{"href":"https:\/\/artist5-fr.selectoweb.ca\/en\/wp-json\/wp\/v2\/types\/page"}],"author":[{"embeddable":true,"href":"https:\/\/artist5-fr.selectoweb.ca\/en\/wp-json\/wp\/v2\/users\/1"}],"replies":[{"embeddable":true,"href":"https:\/\/artist5-fr.selectoweb.ca\/en\/wp-json\/wp\/v2\/comments?post=57"}],"version-history":[{"count":4,"href":"https:\/\/artist5-fr.selectoweb.ca\/en\/wp-json\/wp\/v2\/pages\/57\/revisions"}],"predecessor-version":[{"id":660,"href":"https:\/\/artist5-fr.selectoweb.ca\/en\/wp-json\/wp\/v2\/pages\/57\/revisions\/660"}],"wp:attachment":[{"href":"https:\/\/artist5-fr.selectoweb.ca\/en\/wp-json\/wp\/v2\/media?parent=57"}],"curies":[{"name":"wp","href":"https:\/\/api.w.org\/{rel}","templated":true}]}}